{"id":342,"date":"2025-05-08T16:07:04","date_gmt":"2025-05-08T16:07:04","guid":{"rendered":"https:\/\/tconsulting.de\/?page_id=342"},"modified":"2026-01-12T08:35:54","modified_gmt":"2026-01-12T08:35:54","slug":"kontakt","status":"publish","type":"page","link":"https:\/\/tconsulting.de\/en\/kontakt\/","title":{"rendered":"Contact"},"content":{"rendered":"<div data-elementor-type=\"wp-page\" data-elementor-id=\"342\" class=\"elementor elementor-342\" data-elementor-post-type=\"page\">\n\t\t\t\t<div class=\"elementor-element elementor-element-467f76c e-flex e-con-boxed e-con e-parent\" data-id=\"467f76c\" data-element_type=\"container\">\n\t\t\t\t\t<div class=\"e-con-inner\">\n\t\t\t\t<div class=\"elementor-element elementor-element-1d53909 elementor-widget elementor-widget-spacer\" data-id=\"1d53909\" data-element_type=\"widget\" data-widget_type=\"spacer.default\">\n\t\t\t\t<div class=\"elementor-widget-container\">\n\t\t\t\t\t\t\t<div class=\"elementor-spacer\">\n\t\t\t<div class=\"elementor-spacer-inner\"><\/div>\n\t\t<\/div>\n\t\t\t\t\t\t<\/div>\n\t\t\t\t<\/div>\n\t\t\t\t<div class=\"elementor-element elementor-element-07251ab elementor-widget elementor-widget-heading\" data-id=\"07251ab\" data-element_type=\"widget\" data-widget_type=\"heading.default\">\n\t\t\t\t<div class=\"elementor-widget-container\">\n\t\t\t\t\t<h2 class=\"elementor-heading-title elementor-size-default\">We look forward to hearing from you<\/h2>\t\t\t\t<\/div>\n\t\t\t\t<\/div>\n\t\t\t\t<div class=\"elementor-element elementor-element-b228c6a elementor-widget elementor-widget-heading\" data-id=\"b228c6a\" data-element_type=\"widget\" data-widget_type=\"heading.default\">\n\t\t\t\t<div class=\"elementor-widget-container\">\n\t\t\t\t\t<h3 class=\"elementor-heading-title elementor-size-default\">Are you looking for a reliable partner for your projects? We\u2019re happy to provide personal advice on our services and prepare a tailored offer for you.<\/h3>\t\t\t\t<\/div>\n\t\t\t\t<\/div>\n\t\t<div class=\"elementor-element elementor-element-598ff0a e-con-full e-flex e-con e-child\" data-id=\"598ff0a\" data-element_type=\"container\">\n\t\t<div class=\"elementor-element elementor-element-e0d3f48 e-con-full e-flex e-con e-child\" data-id=\"e0d3f48\" data-element_type=\"container\">\n\t\t\t\t<div class=\"elementor-element elementor-element-ea63526 elementor-widget__width-initial elementor-widget elementor-widget-google_maps\" data-id=\"ea63526\" data-element_type=\"widget\" data-widget_type=\"google_maps.default\">\n\t\t\t\t<div class=\"elementor-widget-container\">\n\t\t\t\t\t\t\t<div class=\"elementor-custom-embed\">\n\t\t\t<iframe loading=\"lazy\"\n\t\t\t\t\tsrc=\"https:\/\/maps.google.com\/maps?q=Dessauer%20Str.%2034%2C%2010963%20Berlin&#038;t=m&#038;z=10&#038;output=embed&#038;iwloc=near\"\n\t\t\t\t\ttitle=\"Dessauer Str. 34, 10963 Berlin\"\n\t\t\t\t\taria-label=\"Dessauer Str. 34, 10963 Berlin\"\n\t\t\t><\/iframe>\n\t\t<\/div>\n\t\t\t\t\t\t<\/div>\n\t\t\t\t<\/div>\n\t\t\t\t<div class=\"elementor-element elementor-element-f622119 elementor-widget elementor-widget-heading\" data-id=\"f622119\" data-element_type=\"widget\" data-widget_type=\"heading.default\">\n\t\t\t\t<div class=\"elementor-widget-container\">\n\t\t\t\t\t<h1 class=\"elementor-heading-title elementor-size-default\">Contact Details<\/h1>\t\t\t\t<\/div>\n\t\t\t\t<\/div>\n\t\t\t\t<div class=\"elementor-element elementor-element-6e90415 elementor-widget elementor-widget-text-editor\" data-id=\"6e90415\" data-element_type=\"widget\" data-widget_type=\"text-editor.default\">\n\t\t\t\t<div class=\"elementor-widget-container\">\n\t\t\t\t\t\t\t\t\t<p>Telefon:\u00a0+49 172 429 349 0<br \/>E-mail: <span data-teams=\"true\"><a id=\"menurs5\" class=\"fui-Link ___1q1shib f2hkw1w f3rmtva f1ewtqcl fyind8e f1k6fduh f1w7gpdv fk6fouc fjoy568 figsok6 f1s184ao f1mk8lai fnbmjn9 f1o700av f13mvf36 f1cmlufx f9n3di6 f1ids18y f1tx3yz7 f1deo86v f1eh06m1 f1iescvh fhgqx19 f1olyrje f1p93eir f1nev41a f1h8hb77 f1lqvz6u f10aw75t fsle3fq f17ae5zn\" title=\"mailto:turgay.ercan@tconsulting.de\" href=\"mailto:turgay.ercan@tconsulting.de\" target=\"_blank\" rel=\"noreferrer noopener\" aria-label=\"Link turgay.ercan@tconsulting.de\">turgay.ercan@tconsulting.de<\/a><\/span><br \/>Address: Dessauer Stra\u00dfe 34, 10963 Berlin, Germany<\/p>\t\t\t\t\t\t\t\t<\/div>\n\t\t\t\t<\/div>\n\t\t\t\t<div class=\"elementor-element elementor-element-3536a59 elementor-widget elementor-widget-heading\" data-id=\"3536a59\" data-element_type=\"widget\" data-widget_type=\"heading.default\">\n\t\t\t\t<div class=\"elementor-widget-container\">\n\t\t\t\t\t<h1 class=\"elementor-heading-title elementor-size-default\">Business Hours<\/h1>\t\t\t\t<\/div>\n\t\t\t\t<\/div>\n\t\t\t\t<div class=\"elementor-element elementor-element-0f8070c elementor-widget elementor-widget-text-editor\" data-id=\"0f8070c\" data-element_type=\"widget\" data-widget_type=\"text-editor.default\">\n\t\t\t\t<div class=\"elementor-widget-container\">\n\t\t\t\t\t\t\t\t\t<div class=\"module-container-custom module-container-root\"><div class=\"text-root text-f8b119ba-8e03-4dfd-a131-938b5a9aa906\"><div><p><span class=\"theming-theme-dark\">You can reach us during our business hours.<\/span><\/p><\/div><\/div><\/div><div class=\"module-container-custom module-container-root\"><div class=\"text-root business-hours-container\"><div class=\"bussines-hours-b2f2accd-34c7-415d-903d-1e0a03ccf7e1 business-hours-root\" data-fontsize=\"default\"><div>Mon \u2013 Fri: 7:00 AM \u2013 4:00 PM<\/div><div>Sat \u2013 Sun: Closed<\/div><\/div><\/div><\/div>\t\t\t\t\t\t\t\t<\/div>\n\t\t\t\t<\/div>\n\t\t\t\t<\/div>\n\t\t<div class=\"elementor-element elementor-element-d81fba5 e-con-full e-flex e-con e-child\" data-id=\"d81fba5\" data-element_type=\"container\">\n\t\t\t\t<div class=\"elementor-element elementor-element-1700791 elementor-widget elementor-widget-wpforms\" data-id=\"1700791\" data-element_type=\"widget\" data-widget_type=\"wpforms.default\">\n\t\t\t\t<div class=\"elementor-widget-container\">\n\t\t\t\t\t<div class=\"wpforms-container wpforms-container-full wpforms-render-modern\" id=\"wpforms-380\"><form id=\"wpforms-form-380\" class=\"wpforms-validate wpforms-form wpforms-ajax-form\" data-formid=\"380\" method=\"post\" enctype=\"multipart\/form-data\" action=\"\/en\/wp-json\/wp\/v2\/pages\/342\" data-token=\"9283cd9602a5609f2bc24f747e068899\" data-token-time=\"1778074769\" data-trp-original-action=\"\/en\/wp-json\/wp\/v2\/pages\/342\"><noscript class=\"wpforms-error-noscript\">Please enable JavaScript in your browser to complete this form.<\/noscript><div id=\"wpforms-error-noscript\" style=\"display: none;\">Please enable JavaScript in your browser to complete this form.<\/div><div class=\"wpforms-field-container\"><div id=\"wpforms-380-field_4-container\" class=\"wpforms-field wpforms-field-name\" data-field-id=\"4\"><fieldset><legend class=\"wpforms-field-label\">Name <span class=\"wpforms-required-label\" aria-hidden=\"true\">*<\/span><\/legend><div class=\"wpforms-field-row wpforms-field-medium\"><div class=\"wpforms-field-row-block wpforms-first wpforms-one-half\"><input type=\"text\" id=\"wpforms-380-field_4\" class=\"wpforms-field-name-first wpforms-field-required\" name=\"wpforms[fields][4][first]\" aria-errormessage=\"wpforms-380-field_4-error\" required><label for=\"wpforms-380-field_4\" class=\"wpforms-field-sublabel after\">First<\/label><\/div><div class=\"wpforms-field-row-block wpforms-one-half\"><input type=\"text\" id=\"wpforms-380-field_4-last\" class=\"wpforms-field-name-last wpforms-field-required\" name=\"wpforms[fields][4][last]\" aria-errormessage=\"wpforms-380-field_4-last-error\" required><label for=\"wpforms-380-field_4-last\" class=\"wpforms-field-sublabel after\">Last<\/label><\/div><\/div><\/fieldset><\/div><div id=\"wpforms-380-field_3-container\" class=\"wpforms-field wpforms-field-text\" data-field-id=\"3\"><label class=\"wpforms-field-label\" for=\"wpforms-380-field_3\">Company<\/label><input type=\"text\" id=\"wpforms-380-field_3\" class=\"wpforms-field-medium\" name=\"wpforms[fields][3]\" aria-errormessage=\"wpforms-380-field_3-error\" ><\/div><div id=\"wpforms-380-field_5-container\" class=\"wpforms-field wpforms-field-number\" data-field-id=\"5\"><label class=\"wpforms-field-label\" for=\"wpforms-380-field_5\">Phone Number<\/label><input type=\"number\" id=\"wpforms-380-field_5\" class=\"wpforms-field-medium\" name=\"wpforms[fields][5]\" step=\"any\" aria-errormessage=\"wpforms-380-field_5-error\" ><\/div>\t\t<div id=\"wpforms-380-field_2-container\"\n\t\t\tclass=\"wpforms-field wpforms-field-text\"\n\t\t\tdata-field-type=\"text\"\n\t\t\tdata-field-id=\"2\"\n\t\t\t>\n\t\t\t<label class=\"wpforms-field-label\" for=\"wpforms-380-field_2\" >Firma Nachricht Datenschutzhinweis<\/label>\n\t\t\t<input type=\"text\" id=\"wpforms-380-field_2\" class=\"wpforms-field-medium\" name=\"wpforms[fields][2]\" >\n\t\t<\/div>\n\t\t<div id=\"wpforms-380-field_6-container\" class=\"wpforms-field wpforms-field-text\" data-field-id=\"6\"><label class=\"wpforms-field-label\" for=\"wpforms-380-field_6\">Subject <span class=\"wpforms-required-label\" aria-hidden=\"true\">*<\/span><\/label><input type=\"text\" id=\"wpforms-380-field_6\" class=\"wpforms-field-medium wpforms-field-required\" name=\"wpforms[fields][6]\" aria-errormessage=\"wpforms-380-field_6-error\" required><\/div><div id=\"wpforms-380-field_7-container\" class=\"wpforms-field wpforms-field-text\" data-field-id=\"7\"><label class=\"wpforms-field-label\" for=\"wpforms-380-field_7\">Message <span class=\"wpforms-required-label\" aria-hidden=\"true\">*<\/span><\/label><input type=\"text\" id=\"wpforms-380-field_7\" class=\"wpforms-field-medium wpforms-field-required\" name=\"wpforms[fields][7]\" aria-errormessage=\"wpforms-380-field_7-error\" required><\/div><div id=\"wpforms-380-field_1-container\" class=\"wpforms-field wpforms-field-email\" data-field-id=\"1\"><label class=\"wpforms-field-label\" for=\"wpforms-380-field_1\">Email Address <span class=\"wpforms-required-label\" aria-hidden=\"true\">*<\/span><\/label><input type=\"email\" id=\"wpforms-380-field_1\" class=\"wpforms-field-small wpforms-field-required\" name=\"wpforms[fields][1]\" spellcheck=\"false\" aria-errormessage=\"wpforms-380-field_1-error\" required><\/div><div id=\"wpforms-380-field_8-container\" class=\"wpforms-field wpforms-field-checkbox\" data-field-id=\"8\"><fieldset><legend class=\"wpforms-field-label\">Privacy Notice <span class=\"wpforms-required-label\" aria-hidden=\"true\">*<\/span><\/legend><ul id=\"wpforms-380-field_8\" class=\"wpforms-field-required\"><li class=\"choice-1 depth-1\"><input type=\"checkbox\" id=\"wpforms-380-field_8_1\" name=\"wpforms[fields][8][]\" value=\"Ich habe die Datenschutzhinweise gelesen. Meine Daten werden zur Bearbeitung meiner Anfrage gespeichert.*\" aria-errormessage=\"wpforms-380-field_8_1-error\" required><label class=\"wpforms-field-label-inline\" for=\"wpforms-380-field_8_1\">I have read the privacy notice. My data will be stored for processing my inquiry.*<\/label><\/li><\/ul><\/fieldset><\/div><script>\n\t\t\t\t( function() {\n\t\t\t\t\tconst style = document.createElement( 'style' );\n\t\t\t\t\tstyle.appendChild( document.createTextNode( '#wpforms-380-field_2-container { position: absolute !important; overflow: hidden !important; display: inline !important; height: 1px !important; width: 1px !important; z-index: -1000 !important; padding: 0 !important; } #wpforms-380-field_2-container input { visibility: hidden; } #wpforms-conversational-form-page #wpforms-380-field_2-container label { counter-increment: none; }' ) );\n\t\t\t\t\tdocument.head.appendChild( style );\n\t\t\t\t\tdocument.currentScript?.remove();\n\t\t\t\t} )();\n\t\t\t<\/script><\/div><!-- .wpforms-field-container --><div class=\"wpforms-submit-container\" ><input type=\"hidden\" name=\"wpforms[id]\" value=\"380\"><input type=\"hidden\" name=\"page_title\" value=\"\"><input type=\"hidden\" name=\"page_url\" value=\"https:\/\/tconsulting.de\/en\/wp-json\/wp\/v2\/pages\/342\"><input type=\"hidden\" name=\"url_referer\" value=\"\"><button type=\"submit\" name=\"wpforms[submit]\" id=\"wpforms-submit-380\" class=\"wpforms-submit\" data-alt-text=\"Wird gesendet\u00a0\u2026\" data-submit-text=\"Absenden\" aria-live=\"assertive\" value=\"wpforms-submit\">Submit<\/button><img decoding=\"async\" src=\"https:\/\/tconsulting.de\/wp-content\/plugins\/wpforms-lite\/assets\/images\/submit-spin.svg\" class=\"wpforms-submit-spinner\" style=\"display: none;\" width=\"26\" height=\"26\" alt=\"Loading\"><\/div><input type=\"hidden\" name=\"trp-form-language\" value=\"en\"\/><\/form><\/div>  <!-- .wpforms-container -->\t\t\t\t<\/div>\n\t\t\t\t<\/div>\n\t\t\t\t<\/div>\n\t\t\t\t<\/div>\n\t\t\t\t\t<\/div>\n\t\t\t\t<\/div>\n\t\t\t\t<\/div>","protected":false},"excerpt":{"rendered":"<p>Wir freuen uns auf Ihre Nachricht Sie suchen einen zuverl\u00e4ssigen Partner f\u00fcr Ihre Projekte? Wir beraten Sie gerne pers\u00f6nlich zu unseren Leistungen und erstellen Ihnen ein passendes Angebot. Kontaktdaten Telefon:\u00a0+49 172 429 349 0E-mail: turgay.ercan@tconsulting.deAnschrift: Dessauer Stra\u00dfe 34, 10963 Berlin, Deutschland Gesch\u00e4ftszeiten Sie k\u00f6nnen uns w\u00e4hrend unserer Gesch\u00e4ftszeiten erreichen. Mo. \u2013 Fr. 07:00 \u2013 16:00Sa.\u00a0 [&hellip;]<\/p>","protected":false},"author":2,"featured_media":0,"parent":0,"menu_order":0,"comment_status":"closed","ping_status":"closed","template":"","meta":{"footnotes":""},"class_list":["post-342","page","type-page","status-publish","hentry"],"_links":{"self":[{"href":"https:\/\/tconsulting.de\/en\/wp-json\/wp\/v2\/pages\/342","targetHints":{"allow":["GET"]}}],"collection":[{"href":"https:\/\/tconsulting.de\/en\/wp-json\/wp\/v2\/pages"}],"about":[{"href":"https:\/\/tconsulting.de\/en\/wp-json\/wp\/v2\/types\/page"}],"author":[{"embeddable":true,"href":"https:\/\/tconsulting.de\/en\/wp-json\/wp\/v2\/users\/2"}],"replies":[{"embeddable":true,"href":"https:\/\/tconsulting.de\/en\/wp-json\/wp\/v2\/comments?post=342"}],"version-history":[{"count":21,"href":"https:\/\/tconsulting.de\/en\/wp-json\/wp\/v2\/pages\/342\/revisions"}],"predecessor-version":[{"id":1984,"href":"https:\/\/tconsulting.de\/en\/wp-json\/wp\/v2\/pages\/342\/revisions\/1984"}],"wp:attachment":[{"href":"https:\/\/tconsulting.de\/en\/wp-json\/wp\/v2\/media?parent=342"}],"curies":[{"name":"wp","href":"https:\/\/api.w.org\/{rel}","templated":true}]}}