{"id":579,"date":"2025-05-12T14:58:18","date_gmt":"2025-05-12T14:58:18","guid":{"rendered":"https:\/\/tconsulting.de\/?page_id=579"},"modified":"2026-01-12T08:37:37","modified_gmt":"2026-01-12T08:37:37","slug":"datenschutzerklaerung","status":"publish","type":"page","link":"https:\/\/tconsulting.de\/en\/datenschutzerklaerung\/","title":{"rendered":"Privacy Policy"},"content":{"rendered":"<div data-elementor-type=\"wp-page\" data-elementor-id=\"579\" class=\"elementor elementor-579\" data-elementor-post-type=\"page\">\n\t\t\t\t<div class=\"elementor-element elementor-element-01b8dec e-flex e-con-boxed e-con e-parent\" data-id=\"01b8dec\" data-element_type=\"container\">\n\t\t\t\t\t<div class=\"e-con-inner\">\n\t\t\t\t<div class=\"elementor-element elementor-element-e64ed8d elementor-widget elementor-widget-spacer\" data-id=\"e64ed8d\" data-element_type=\"widget\" data-widget_type=\"spacer.default\">\n\t\t\t\t<div class=\"elementor-widget-container\">\n\t\t\t\t\t\t\t<div class=\"elementor-spacer\">\n\t\t\t<div class=\"elementor-spacer-inner\"><\/div>\n\t\t<\/div>\n\t\t\t\t\t\t<\/div>\n\t\t\t\t<\/div>\n\t\t\t\t\t<\/div>\n\t\t\t\t<\/div>\n\t\t<div class=\"elementor-element elementor-element-a4b08cc e-flex e-con-boxed e-con e-parent\" data-id=\"a4b08cc\" data-element_type=\"container\">\n\t\t\t\t\t<div class=\"e-con-inner\">\n\t\t\t\t<div class=\"elementor-element elementor-element-a7ed144 elementor-widget elementor-widget-heading\" data-id=\"a7ed144\" data-element_type=\"widget\" data-widget_type=\"heading.default\">\n\t\t\t\t<div class=\"elementor-widget-container\">\n\t\t\t\t\t<h2 class=\"elementor-heading-title elementor-size-default\">Privacy Policy<\/h2>\t\t\t\t<\/div>\n\t\t\t\t<\/div>\n\t\t\t\t<div class=\"elementor-element elementor-element-aa3d175 elementor-widget elementor-widget-spacer\" data-id=\"aa3d175\" data-element_type=\"widget\" data-widget_type=\"spacer.default\">\n\t\t\t\t<div class=\"elementor-widget-container\">\n\t\t\t\t\t\t\t<div class=\"elementor-spacer\">\n\t\t\t<div class=\"elementor-spacer-inner\"><\/div>\n\t\t<\/div>\n\t\t\t\t\t\t<\/div>\n\t\t\t\t<\/div>\n\t\t\t\t\t<\/div>\n\t\t\t\t<\/div>\n\t\t<div class=\"elementor-element elementor-element-57e3f84 e-flex e-con-boxed e-con e-parent\" data-id=\"57e3f84\" data-element_type=\"container\">\n\t\t\t\t\t<div class=\"e-con-inner\">\n\t\t\t\t<div class=\"elementor-element elementor-element-87808a1 elementor-widget elementor-widget-text-editor\" data-id=\"87808a1\" data-element_type=\"widget\" data-widget_type=\"text-editor.default\">\n\t\t\t\t<div class=\"elementor-widget-container\">\n\t\t\t\t\t\t\t\t\t<p><span class=\"theming-theme-dark\">This privacy policy informs you about how we handle your personal data when you visit our website and use our services.<\/span><\/p><p><span class=\"theming-theme-dark\"><strong>Collection and Use of Data<\/strong><\/span><\/p><p><span class=\"theming-theme-dark\">Using our website is generally possible without providing personal data. Where personal data (such as name, address, or email) is collected on our pages, this is always done voluntarily whenever possible. These data will not be shared with third parties without your explicit consent.\nPlease note that data transmission over the internet (e.g., via email communication) may have security vulnerabilities. Complete protection of data from third-party access is not possible.\nThe use of contact data published under the imprint obligation by third parties for sending unsolicited advertising and information is hereby expressly prohibited. The site operators reserve the right to take legal action in the event of unsolicited sending of advertising information, such as spam emails.<\/span><br \/><span class=\"theming-theme-dark\">Please note that data transmission over the internet (e.g., via email communication) may have security vulnerabilities. Complete protection of data from third-party access is not possible.<\/span><br \/><span class=\"theming-theme-dark\">The use of contact data published under the imprint obligation by third parties for sending unsolicited advertising and information is hereby expressly prohibited. The site operators reserve the right to take legal action in the event of unsolicited sending of advertising information, such as spam emails.<\/span><\/p><p><span class=\"theming-theme-dark\"><strong>Data Sharing<\/strong><\/span><\/p><p><span class=\"theming-theme-dark\">We do not share your personal data with third parties without your consent unless required by law or necessary to provide our services.<\/span><\/p><p><span class=\"theming-theme-dark\"><strong>Data Security<\/strong><\/span><\/p><p><span class=\"theming-theme-dark\">We take appropriate security measures to protect your personal data from loss, misuse, and unauthorized access. We use encryption technologies and secure data transmission protocols to ensure your data's security.<\/span><\/p><p><span class=\"theming-theme-dark\"><strong>Cookies<\/strong><\/span><\/p><p><span class=\"theming-theme-dark\">We use cookies to improve your experience on our website and offer personalized services. By using our website, you agree to the use of cookies in accordance with our cookie policy.<\/span><\/p><p><span class=\"theming-theme-dark\"><strong>Your Rights<\/strong><\/span><\/p><p><span class=\"theming-theme-dark\">You have the right to access, correct, delete, or restrict the processing of your personal data. You also have the right to object to the processing of your data or withdraw your consent at any time.<\/span><\/p><p><span class=\"theming-theme-dark\"><strong>Changes to This Privacy Policy<\/strong><\/span><\/p><p><span class=\"theming-theme-dark\">We reserve the right to change this privacy policy at any time. Please review this page regularly for updates.<\/span><\/p><p><span class=\"theming-theme-dark\"><strong>Contact Us<\/strong><\/span><\/p><p><span class=\"theming-theme-dark\">If you have any questions or concerns regarding this privacy policy, please contact us at: <span data-teams=\"true\"><a id=\"menurs5\" class=\"fui-Link ___1q1shib f2hkw1w f3rmtva f1ewtqcl fyind8e f1k6fduh f1w7gpdv fk6fouc fjoy568 figsok6 f1s184ao f1mk8lai fnbmjn9 f1o700av f13mvf36 f1cmlufx f9n3di6 f1ids18y f1tx3yz7 f1deo86v f1eh06m1 f1iescvh fhgqx19 f1olyrje f1p93eir f1nev41a f1h8hb77 f1lqvz6u f10aw75t fsle3fq f17ae5zn\" title=\"mailto:turgay.ercan@tconsulting.de\" href=\"mailto:turgay.ercan@tconsulting.de\" target=\"_blank\" rel=\"noreferrer noopener\" aria-label=\"Link turgay.ercan@tconsulting.de\">turgay.ercan@tconsulting.de<\/a><\/span>.<\/span><\/p>\t\t\t\t\t\t\t\t<\/div>\n\t\t\t\t<\/div>\n\t\t\t\t\t<\/div>\n\t\t\t\t<\/div>\n\t\t\t\t<\/div>","protected":false},"excerpt":{"rendered":"<p>Datenschutzerkl\u00e4rung Diese Datenschutzerkl\u00e4rung informiert Sie dar\u00fcber, wie wir mit Ihren pers\u00f6nlichen Daten umgehen, wenn Sie unsere Webseite besuchen und unsere Dienste nutzen. Erhebung und Nutzung von Daten Die Nutzung unserer Webseite ist in der Regel ohne Angabe personenbezogener Daten m\u00f6glich. Soweit auf unseren Seiten personenbezogene Daten (beispielsweise Name, Anschrift oder eMail-Adressen) erhoben werden, erfolgt dies, [&hellip;]<\/p>","protected":false},"author":2,"featured_media":0,"parent":0,"menu_order":0,"comment_status":"closed","ping_status":"closed","template":"","meta":{"footnotes":""},"class_list":["post-579","page","type-page","status-publish","hentry"],"_links":{"self":[{"href":"https:\/\/tconsulting.de\/en\/wp-json\/wp\/v2\/pages\/579","targetHints":{"allow":["GET"]}}],"collection":[{"href":"https:\/\/tconsulting.de\/en\/wp-json\/wp\/v2\/pages"}],"about":[{"href":"https:\/\/tconsulting.de\/en\/wp-json\/wp\/v2\/types\/page"}],"author":[{"embeddable":true,"href":"https:\/\/tconsulting.de\/en\/wp-json\/wp\/v2\/users\/2"}],"replies":[{"embeddable":true,"href":"https:\/\/tconsulting.de\/en\/wp-json\/wp\/v2\/comments?post=579"}],"version-history":[{"count":13,"href":"https:\/\/tconsulting.de\/en\/wp-json\/wp\/v2\/pages\/579\/revisions"}],"predecessor-version":[{"id":1987,"href":"https:\/\/tconsulting.de\/en\/wp-json\/wp\/v2\/pages\/579\/revisions\/1987"}],"wp:attachment":[{"href":"https:\/\/tconsulting.de\/en\/wp-json\/wp\/v2\/media?parent=579"}],"curies":[{"name":"wp","href":"https:\/\/api.w.org\/{rel}","templated":true}]}}