{"id":581,"date":"2025-05-12T14:58:27","date_gmt":"2025-05-12T14:58:27","guid":{"rendered":"https:\/\/tconsulting.de\/?page_id=581"},"modified":"2026-01-12T08:34:22","modified_gmt":"2026-01-12T08:34:22","slug":"impressum","status":"publish","type":"page","link":"https:\/\/tconsulting.de\/en\/impressum\/","title":{"rendered":"Imprint"},"content":{"rendered":"<div data-elementor-type=\"wp-page\" data-elementor-id=\"581\" class=\"elementor elementor-581\" data-elementor-post-type=\"page\">\n\t\t\t\t<div class=\"elementor-element elementor-element-c1283f1 e-flex e-con-boxed e-con e-parent\" data-id=\"c1283f1\" data-element_type=\"container\">\n\t\t\t\t\t<div class=\"e-con-inner\">\n\t\t\t\t<div class=\"elementor-element elementor-element-46ec73f elementor-widget elementor-widget-spacer\" data-id=\"46ec73f\" data-element_type=\"widget\" data-widget_type=\"spacer.default\">\n\t\t\t\t<div class=\"elementor-widget-container\">\n\t\t\t\t\t\t\t<div class=\"elementor-spacer\">\n\t\t\t<div class=\"elementor-spacer-inner\"><\/div>\n\t\t<\/div>\n\t\t\t\t\t\t<\/div>\n\t\t\t\t<\/div>\n\t\t\t\t\t<\/div>\n\t\t\t\t<\/div>\n\t\t<div class=\"elementor-element elementor-element-f13cb96 e-flex e-con-boxed e-con e-parent\" data-id=\"f13cb96\" data-element_type=\"container\">\n\t\t\t\t\t<div class=\"e-con-inner\">\n\t\t\t\t<div class=\"elementor-element elementor-element-bb3e949 elementor-widget elementor-widget-heading\" data-id=\"bb3e949\" data-element_type=\"widget\" data-widget_type=\"heading.default\">\n\t\t\t\t<div class=\"elementor-widget-container\">\n\t\t\t\t\t<h2 class=\"elementor-heading-title elementor-size-default\">Imprint<\/h2>\t\t\t\t<\/div>\n\t\t\t\t<\/div>\n\t\t\t\t<div class=\"elementor-element elementor-element-bd5293e elementor-widget elementor-widget-spacer\" data-id=\"bd5293e\" data-element_type=\"widget\" data-widget_type=\"spacer.default\">\n\t\t\t\t<div class=\"elementor-widget-container\">\n\t\t\t\t\t\t\t<div class=\"elementor-spacer\">\n\t\t\t<div class=\"elementor-spacer-inner\"><\/div>\n\t\t<\/div>\n\t\t\t\t\t\t<\/div>\n\t\t\t\t<\/div>\n\t\t\t\t\t<\/div>\n\t\t\t\t<\/div>\n\t\t<div class=\"elementor-element elementor-element-307d709 e-flex e-con-boxed e-con e-parent\" data-id=\"307d709\" data-element_type=\"container\">\n\t\t\t\t\t<div class=\"e-con-inner\">\n\t\t\t\t<div class=\"elementor-element elementor-element-a2a742a elementor-widget elementor-widget-text-editor\" data-id=\"a2a742a\" data-element_type=\"widget\" data-widget_type=\"text-editor.default\">\n\t\t\t\t<div class=\"elementor-widget-container\">\n\t\t\t\t\t\t\t\t\t<p>Information pursuant to \u00a7 5 TMG<\/p><p>Turgay Ercan<br \/>Dessauer Str. 34<br \/>10963 Berlin<\/p><p><span data-teams=\"true\"><a id=\"menurs5\" class=\"fui-Link ___1q1shib f2hkw1w f3rmtva f1ewtqcl fyind8e f1k6fduh f1w7gpdv fk6fouc fjoy568 figsok6 f1s184ao f1mk8lai fnbmjn9 f1o700av f13mvf36 f1cmlufx f9n3di6 f1ids18y f1tx3yz7 f1deo86v f1eh06m1 f1iescvh fhgqx19 f1olyrje f1p93eir f1nev41a f1h8hb77 f1lqvz6u f10aw75t fsle3fq f17ae5zn\" title=\"mailto:turgay.ercan@tconsulting.de\" href=\"mailto:turgay.ercan@tconsulting.de\" target=\"_blank\" rel=\"noreferrer noopener\" aria-label=\"Link turgay.ercan@tconsulting.de\">turgay.ercan@tconsulting.de<\/a><\/span><br \/>\u00a0<\/p><p><strong>Represented by:<\/strong><br \/>Turgay Ercan<br \/>\u00a0<\/p><p><strong>Commercial Register Entry:<\/strong><br \/>Registered at the Commercial Register<br \/>Registration Court: Berlin-Charlottenburg<br \/>Registration Number: HRB 251089<br \/>\u00a0<\/p><p><strong>VAT ID:<\/strong><br \/>VAT identification number pursuant to \u00a727a VAT Act: DE360197754<\/p><p><strong>Disclaimer:<\/strong><\/p><p><strong>Liability for Content<\/strong><\/p><p>The content of our pages has been created with the utmost care. However, we cannot guarantee the accuracy, completeness, and timeliness of the content. As a service provider, we are responsible for our own content on these pages according to general laws pursuant to \u00a7 7 para.1 TMG. According to \u00a7\u00a7 8 to 10 TMG, however, we are not obligated as a service provider to monitor transmitted or stored third-party information or to investigate circumstances indicating illegal activity. Obligations to remove or block the use of information under general laws remain unaffected. Liability in this regard is only possible from the time of knowledge of a specific infringement. Upon becoming aware of such violations, we will remove the content immediately.<\/p><p><strong>Liability for Links<\/strong><\/p><p>Our offer contains links to external third-party websites, over whose content we have no control. Therefore, we cannot assume liability for these external contents. The respective provider or operator of the linked sites is always responsible for their content. The linked sites were checked for possible legal violations at the time of linking. Illegal content was not recognizable at the time of linking. However, a permanent control of the content of the linked pages is not reasonable without concrete evidence of a violation. Upon becoming aware of violations, we will remove such links immediately.<\/p><p><strong>Copyright<\/strong><\/p><p>The content and works created by the site operators on these pages are subject to German copyright law. The duplication, processing, distribution, or any form of commercialization beyond the limits of copyright require the prior written consent of the respective author or creator. Downloads and copies of this site are only permitted for private, non-commercial use. Insofar as the content on this site was not created by the operator, the copyrights of third parties are respected. Especially, third-party content is marked as such. Should you nevertheless become aware of a copyright infringement, please inform us accordingly. Upon becoming aware of violations, we will remove such content immediately.<\/p><p><strong>Google Analytics<\/strong><\/p><p>This website uses Google Analytics, a web analytics service provided by Google Inc. (\"Google\"). Google Analytics uses \"cookies,\" which are text files placed on your computer to help analyze how users use the website. The information generated by the cookie about your use of this website (including your IP address) will be transmitted to and stored by Google on servers in the USA. Google uses this information to evaluate your use of the website, compile reports on website activity for website operators, and provide other services related to website and internet usage. Google may also transfer this information to third parties where required by law or where such third parties process the information on Google's behalf. Google will not associate your IP address with any other data held by Google. You may prevent the installation of cookies by adjusting your browser settings; however, please note that if you do this, you may not be able to use all the features of this website fully. By using this website, you consent to the processing of data about you by Google in the manner and for the purposes set out above.<\/p><p><strong>Google AdSense<\/strong><\/p><p>This website uses Google AdSense, an advertising service provided by Google Inc., USA (\"Google\"). Google AdSense uses \"cookies\" (text files) that are stored on your computer and enable analysis of your use of the website. Google AdSense also uses \"web beacons\" (small invisible graphics) to collect information. The information generated by cookies and\/or web beacons about your use of this website (including your IP address) will be transmitted to and stored by Google on servers in the USA. Google will use this information to evaluate your use of the website in terms of ads, compile reports on website activity and ads for website operators, and provide other services related to website and internet usage. Google may also transfer this information to third parties where required by law or where such third parties process the information on Google's behalf. Google will not associate your IP address with any other data held by Google. You can prevent the storage of cookies on your hard drive and the display of web beacons by choosing \u201cDo not accept cookies\u201d in your browser settings (in MS Internet Explorer under Tools &gt; Internet Options &gt; Privacy &gt; Settings; in Firefox under Tools &gt; Options &gt; Privacy &gt; Cookies). However, please note that if you do this, you may not be able to use all features of this website fully. By using this website, you consent to the processing of data about you by Google in the manner and for the purposes set out above.<\/p>\t\t\t\t\t\t\t\t<\/div>\n\t\t\t\t<\/div>\n\t\t\t\t\t<\/div>\n\t\t\t\t<\/div>\n\t\t\t\t<\/div>","protected":false},"excerpt":{"rendered":"<p>Impressum Angaben gem\u00e4\u00df \u00a7 5 TMG Turgay ErcanDessauer Str. 3410963 Berlin turgay.ercan@tconsulting.de\u00a0 Vertreten durch:Turgay Ercan\u00a0 Registereintrag:Eintragung im Handelsregister.Registergericht: Berlin-CharlottenburgRegisternummer: HRB 251089\u00a0 Umsatzsteuer-ID:Umsatzsteuer-Identifikationsnummer gem\u00e4\u00df \u00a727a Umsatzsteuergesetz: DE360197754 Haftungsausschluss: Haftung f\u00fcr Inhalte Die Inhalte unserer Seiten wurden mit gr\u00f6\u00dfter Sorgfalt erstellt. F\u00fcr die Richtigkeit, Vollst\u00e4ndigkeit und Aktualit\u00e4t der Inhalte k\u00f6nnen wir jedoch keine Gew\u00e4hr \u00fcbernehmen. Als Diensteanbieter [&hellip;]<\/p>","protected":false},"author":2,"featured_media":0,"parent":0,"menu_order":0,"comment_status":"closed","ping_status":"closed","template":"","meta":{"footnotes":""},"class_list":["post-581","page","type-page","status-publish","hentry"],"_links":{"self":[{"href":"https:\/\/tconsulting.de\/en\/wp-json\/wp\/v2\/pages\/581","targetHints":{"allow":["GET"]}}],"collection":[{"href":"https:\/\/tconsulting.de\/en\/wp-json\/wp\/v2\/pages"}],"about":[{"href":"https:\/\/tconsulting.de\/en\/wp-json\/wp\/v2\/types\/page"}],"author":[{"embeddable":true,"href":"https:\/\/tconsulting.de\/en\/wp-json\/wp\/v2\/users\/2"}],"replies":[{"embeddable":true,"href":"https:\/\/tconsulting.de\/en\/wp-json\/wp\/v2\/comments?post=581"}],"version-history":[{"count":12,"href":"https:\/\/tconsulting.de\/en\/wp-json\/wp\/v2\/pages\/581\/revisions"}],"predecessor-version":[{"id":1981,"href":"https:\/\/tconsulting.de\/en\/wp-json\/wp\/v2\/pages\/581\/revisions\/1981"}],"wp:attachment":[{"href":"https:\/\/tconsulting.de\/en\/wp-json\/wp\/v2\/media?parent=581"}],"curies":[{"name":"wp","href":"https:\/\/api.w.org\/{rel}","templated":true}]}}